{"id":12,"date":"2019-02-17T18:26:37","date_gmt":"2019-02-17T17:26:37","guid":{"rendered":"http:\/\/www.agnesmeissonnier.com\/?page_id=12"},"modified":"2025-02-16T12:24:55","modified_gmt":"2025-02-16T11:24:55","slug":"a-propos","status":"publish","type":"page","link":"https:\/\/www.agnesmeissonnier.com\/index.php\/a-propos\/","title":{"rendered":"A PROPOS"},"content":{"rendered":"<div id=\"pl-12\"  class=\"panel-layout\" ><div id=\"pg-12-0\"  class=\"panel-grid panel-has-style\" ><div class=\"so-parallax siteorigin-panels-stretch panel-row-style panel-row-style-for-12-0\" data-stretch-type=\"full\" ><img fetchpriority=\"high\" decoding=\"async\" width=\"2560\" height=\"1920\" src=\"https:\/\/www.agnesmeissonnier.com\/wp-content\/uploads\/2020\/06\/shutterstock_603394319-scaled.jpg\" class=\"attachment-full size-full\" alt=\"\" data-siteorigin-parallax=\"true\" loading=\"eager\" srcset=\"https:\/\/www.agnesmeissonnier.com\/wp-content\/uploads\/2020\/06\/shutterstock_603394319-scaled.jpg 2560w, https:\/\/www.agnesmeissonnier.com\/wp-content\/uploads\/2020\/06\/shutterstock_603394319-300x225.jpg 300w, https:\/\/www.agnesmeissonnier.com\/wp-content\/uploads\/2020\/06\/shutterstock_603394319-1024x768.jpg 1024w, https:\/\/www.agnesmeissonnier.com\/wp-content\/uploads\/2020\/06\/shutterstock_603394319-768x576.jpg 768w, https:\/\/www.agnesmeissonnier.com\/wp-content\/uploads\/2020\/06\/shutterstock_603394319-1536x1152.jpg 1536w, https:\/\/www.agnesmeissonnier.com\/wp-content\/uploads\/2020\/06\/shutterstock_603394319-2048x1536.jpg 2048w, https:\/\/www.agnesmeissonnier.com\/wp-content\/uploads\/2020\/06\/shutterstock_603394319-500x375.jpg 500w, https:\/\/www.agnesmeissonnier.com\/wp-content\/uploads\/2020\/06\/shutterstock_603394319-800x600.jpg 800w, https:\/\/www.agnesmeissonnier.com\/wp-content\/uploads\/2020\/06\/shutterstock_603394319-1280x960.jpg 1280w, https:\/\/www.agnesmeissonnier.com\/wp-content\/uploads\/2020\/06\/shutterstock_603394319-1920x1440.jpg 1920w, https:\/\/i0.wp.com\/www.agnesmeissonnier.com\/wp-content\/uploads\/2020\/06\/shutterstock_603394319-scaled.jpg?w=2400&amp;ssl=1 2400w\" sizes=\"(max-width: 1200px) 100vw, 1200px\" data-attachment-id=\"3331\" data-permalink=\"https:\/\/www.agnesmeissonnier.com\/shutterstock_603394319\/\" data-orig-file=\"https:\/\/www.agnesmeissonnier.com\/wp-content\/uploads\/2020\/06\/shutterstock_603394319-scaled.jpg\" data-orig-size=\"2560,1920\" data-comments-opened=\"1\" data-image-meta=\"{&quot;aperture&quot;:&quot;0&quot;,&quot;credit&quot;:&quot;&quot;,&quot;camera&quot;:&quot;&quot;,&quot;caption&quot;:&quot;&quot;,&quot;created_timestamp&quot;:&quot;0&quot;,&quot;copyright&quot;:&quot;&quot;,&quot;focal_length&quot;:&quot;0&quot;,&quot;iso&quot;:&quot;0&quot;,&quot;shutter_speed&quot;:&quot;0&quot;,&quot;title&quot;:&quot;&quot;,&quot;orientation&quot;:&quot;0&quot;}\" data-image-title=\"shutterstock_603394319\" data-image-description=\"\" data-image-caption=\"\" data-medium-file=\"https:\/\/www.agnesmeissonnier.com\/wp-content\/uploads\/2020\/06\/shutterstock_603394319-300x225.jpg\" data-large-file=\"https:\/\/www.agnesmeissonnier.com\/wp-content\/uploads\/2020\/06\/shutterstock_603394319-1024x768.jpg\" \/><div id=\"pgc-12-0-0\"  class=\"panel-grid-cell\" ><div id=\"panel-12-0-0-0\" class=\"so-panel widget widget_sow-editor panel-first-child panel-last-child\" data-index=\"0\" ><div\n\t\t\t\n\t\t\tclass=\"so-widget-sow-editor so-widget-sow-editor-base\"\n\t\t\t\n\t\t>\n<div class=\"siteorigin-widget-tinymce textwidget\">\n\t<h1 style=\"text-align: center;\"><span style=\"font-family: Montserrat; color: #ffffff;\">A propos<\/span><\/h1>\n<\/div>\n<\/div><\/div><\/div><\/div><\/div><div id=\"pg-12-1\"  class=\"panel-grid panel-has-style\" ><div class=\"siteorigin-panels-stretch panel-row-style panel-row-style-for-12-1\" data-stretch-type=\"full\" ><div id=\"pgc-12-1-0\"  class=\"panel-grid-cell\" ><div id=\"panel-12-1-0-0\" class=\"so-panel widget widget_sow-image panel-first-child panel-last-child\" data-index=\"1\" ><div\n\t\t\t\n\t\t\tclass=\"so-widget-sow-image so-widget-sow-image-default-8b5b6f678277-12\"\n\t\t\t\n\t\t>\n<div class=\"sow-image-container\">\n\t\t<img \n\tsrc=\"https:\/\/www.agnesmeissonnier.com\/wp-content\/uploads\/2020\/11\/shutterstock_286666985-scaled.jpg\" width=\"2560\" height=\"1707\" srcset=\"https:\/\/www.agnesmeissonnier.com\/wp-content\/uploads\/2020\/11\/shutterstock_286666985-scaled.jpg 2560w, https:\/\/www.agnesmeissonnier.com\/wp-content\/uploads\/2020\/11\/shutterstock_286666985-300x200.jpg 300w, https:\/\/www.agnesmeissonnier.com\/wp-content\/uploads\/2020\/11\/shutterstock_286666985-1024x683.jpg 1024w, https:\/\/www.agnesmeissonnier.com\/wp-content\/uploads\/2020\/11\/shutterstock_286666985-768x512.jpg 768w, https:\/\/www.agnesmeissonnier.com\/wp-content\/uploads\/2020\/11\/shutterstock_286666985-600x400.jpg 600w, https:\/\/www.agnesmeissonnier.com\/wp-content\/uploads\/2020\/11\/shutterstock_286666985-1536x1024.jpg 1536w, https:\/\/www.agnesmeissonnier.com\/wp-content\/uploads\/2020\/11\/shutterstock_286666985-2048x1365.jpg 2048w, https:\/\/www.agnesmeissonnier.com\/wp-content\/uploads\/2020\/11\/shutterstock_286666985-500x333.jpg 500w, https:\/\/www.agnesmeissonnier.com\/wp-content\/uploads\/2020\/11\/shutterstock_286666985-800x533.jpg 800w, https:\/\/www.agnesmeissonnier.com\/wp-content\/uploads\/2020\/11\/shutterstock_286666985-1280x853.jpg 1280w, https:\/\/www.agnesmeissonnier.com\/wp-content\/uploads\/2020\/11\/shutterstock_286666985-1920x1280.jpg 1920w, https:\/\/www.agnesmeissonnier.com\/wp-content\/uploads\/2020\/11\/shutterstock_286666985-272x182.jpg 272w, https:\/\/i0.wp.com\/www.agnesmeissonnier.com\/wp-content\/uploads\/2020\/11\/shutterstock_286666985-scaled.jpg?w=2400&amp;ssl=1 2400w\" title=\"shutterstock_286666985\" alt=\"\" \t\tclass=\"so-widget-image\"\/>\n\t<\/div>\n\n<\/div><\/div><\/div><\/div><\/div><div id=\"pg-12-2\"  class=\"panel-grid panel-has-style\" ><div class=\"panel-row-style panel-row-style-for-12-2\" ><div id=\"pgc-12-2-0\"  class=\"panel-grid-cell\" ><div id=\"panel-12-2-0-0\" class=\"so-panel widget widget_sow-image panel-first-child\" data-index=\"2\" ><div\n\t\t\t\n\t\t\tclass=\"so-widget-sow-image so-widget-sow-image-default-8b5b6f678277-12\"\n\t\t\t\n\t\t>\n<div class=\"sow-image-container\">\n\t\t<img \n\tsrc=\"https:\/\/www.agnesmeissonnier.com\/wp-content\/uploads\/2020\/11\/portrait-effet-peinture.png\" width=\"1000\" height=\"707\" srcset=\"https:\/\/www.agnesmeissonnier.com\/wp-content\/uploads\/2020\/11\/portrait-effet-peinture.png 1000w, https:\/\/www.agnesmeissonnier.com\/wp-content\/uploads\/2020\/11\/portrait-effet-peinture-300x212.png 300w, https:\/\/www.agnesmeissonnier.com\/wp-content\/uploads\/2020\/11\/portrait-effet-peinture-768x543.png 768w, https:\/\/www.agnesmeissonnier.com\/wp-content\/uploads\/2020\/11\/portrait-effet-peinture-500x354.png 500w, https:\/\/www.agnesmeissonnier.com\/wp-content\/uploads\/2020\/11\/portrait-effet-peinture-800x566.png 800w\" alt=\"\" \t\tclass=\"so-widget-image\"\/>\n\t<\/div>\n\n<\/div><\/div><div id=\"panel-12-2-0-1\" class=\"so-panel widget widget_ink-social-icons panel-last-child\" data-index=\"3\" ><div\n\t\t\t\n\t\t\tclass=\"so-widget-ink-social-icons so-widget-ink-social-icons-social-icons-e3d1b7c3afc1-12\"\n\t\t\t\n\t\t><div class=\"iw-so-social-icons iw-text-center\">\n\n    \n        <a href=\"https:\/\/www.facebook.com\/AMeissonnier05graphiste\" class=\"iw-so-social-icon iw-so-social-icon-\">\n            <span class=\"sow-icon-icomoon\" data-sow-icon=\"&#xea90;\"\n\t\t \n\t\taria-hidden=\"true\"><\/span>        <\/a>\n\n    \n        <a href=\"https:\/\/www.linkedin.com\/in\/agn%C3%A8s-meissonnier-graphiste05\/\" class=\"iw-so-social-icon iw-so-social-icon-\">\n            <span class=\"sow-icon-icomoon\" data-sow-icon=\"&#xeaca;\"\n\t\t \n\t\taria-hidden=\"true\"><\/span>        <\/a>\n\n    \n<\/div><\/div><\/div><\/div><div id=\"pgc-12-2-1\"  class=\"panel-grid-cell\" ><div id=\"panel-12-2-1-0\" class=\"so-panel widget widget_sow-editor panel-first-child\" data-index=\"4\" ><div\n\t\t\t\n\t\t\tclass=\"so-widget-sow-editor so-widget-sow-editor-base\"\n\t\t\t\n\t\t>\n<div class=\"siteorigin-widget-tinymce textwidget\">\n\t<p style=\"text-align: justify;\"><span style=\"font-family: Montserrat;\">De par mon exp\u00e9rience du monde du travail et des entreprises (Assistante de Direction, formatrice en num\u00e9rique) et graphiste freelance, je sais qu'une bonne communication est indispensable pour promouvoir et p\u00e9renniser une activit\u00e9, se d\u00e9marquer de la concurrence.<\/span><\/p>\n<p style=\"text-align: justify;\"><span style=\"font-family: Montserrat;\">J'apporte des solutions personnalis\u00e9es de communication \u00e0 une entreprise pour valoriser son activit\u00e9 et exprimer ses valeurs, \u00e0 une association, une collectivit\u00e9 ou m\u00eame un particulier pour communiquer efficacement sur un \u00e9v\u00e8nement, une manifestation.<\/span><\/p>\n<p style=\"text-align: justify;\"><span style=\"font-family: Montserrat;\">Je vous propose toute une palette de comp\u00e9tences artistiques et professionnelles. J'associe rigueur, techniques et cr\u00e9ativit\u00e9 afin de mener \u00e0 bien un projet graphique -print et\/ou web-.<\/span><\/p>\n<p style=\"text-align: justify;\"><span style=\"font-family: Montserrat;\">Je peux \u00e9galement proposer mon savoir-faire en ce qui concerne la r\u00e9daction.<\/span><\/p>\n<p style=\"text-align: justify;\"><span style=\"font-family: Montserrat;\">Etant \u00e9galement peintre, je combine mes deux passions -le num\u00e9rique et la peinture- pour utiliser des techniques de la peinture \u00e0 l'huile sur tablette graphique pour effectuer certains travaux d'illustrations (exemple: affiche r\u00e9alis\u00e9e pour une manifestation).<\/span><\/p>\n<\/div>\n<\/div><\/div><div id=\"panel-12-2-1-1\" class=\"so-panel widget widget_sow-image panel-last-child\" data-index=\"5\" ><div\n\t\t\t\n\t\t\tclass=\"so-widget-sow-image so-widget-sow-image-default-8b5b6f678277-12\"\n\t\t\t\n\t\t>\n<div class=\"sow-image-container\">\n\t\t<img \n\tsrc=\"https:\/\/www.agnesmeissonnier.com\/wp-content\/uploads\/2020\/06\/shutterstock_1687906774-Converti-scaled.jpg\" width=\"2560\" height=\"1829\" srcset=\"https:\/\/www.agnesmeissonnier.com\/wp-content\/uploads\/2020\/06\/shutterstock_1687906774-Converti-scaled.jpg 2560w, https:\/\/www.agnesmeissonnier.com\/wp-content\/uploads\/2020\/06\/shutterstock_1687906774-Converti-300x214.jpg 300w, https:\/\/www.agnesmeissonnier.com\/wp-content\/uploads\/2020\/06\/shutterstock_1687906774-Converti-1024x731.jpg 1024w, https:\/\/www.agnesmeissonnier.com\/wp-content\/uploads\/2020\/06\/shutterstock_1687906774-Converti-768x549.jpg 768w, https:\/\/www.agnesmeissonnier.com\/wp-content\/uploads\/2020\/06\/shutterstock_1687906774-Converti-1536x1097.jpg 1536w, https:\/\/www.agnesmeissonnier.com\/wp-content\/uploads\/2020\/06\/shutterstock_1687906774-Converti-2048x1463.jpg 2048w, https:\/\/www.agnesmeissonnier.com\/wp-content\/uploads\/2020\/06\/shutterstock_1687906774-Converti-500x357.jpg 500w, https:\/\/www.agnesmeissonnier.com\/wp-content\/uploads\/2020\/06\/shutterstock_1687906774-Converti-800x571.jpg 800w, https:\/\/www.agnesmeissonnier.com\/wp-content\/uploads\/2020\/06\/shutterstock_1687906774-Converti-1280x914.jpg 1280w, https:\/\/www.agnesmeissonnier.com\/wp-content\/uploads\/2020\/06\/shutterstock_1687906774-Converti-1920x1372.jpg 1920w, https:\/\/i0.wp.com\/www.agnesmeissonnier.com\/wp-content\/uploads\/2020\/06\/shutterstock_1687906774-Converti-scaled.jpg?w=2400&amp;ssl=1 2400w\" title=\"shutterstock_1687906774-[Converti]\" alt=\"\" \t\tclass=\"so-widget-image\"\/>\n\t<\/div>\n\n<\/div><\/div><\/div><\/div><\/div><div id=\"pg-12-3\"  class=\"panel-grid panel-no-style\" ><div id=\"pgc-12-3-0\"  class=\"panel-grid-cell panel-grid-cell-empty panel-grid-cell-mobile-last\" ><\/div><div id=\"pgc-12-3-1\"  class=\"panel-grid-cell panel-grid-cell-empty\" ><\/div><\/div><\/div>","protected":false},"excerpt":{"rendered":"<p>A propos<\/p>\n","protected":false},"author":1,"featured_media":0,"parent":0,"menu_order":0,"comment_status":"closed","ping_status":"open","template":"","meta":{"ocean_post_layout":"full-width","ocean_both_sidebars_style":"","ocean_both_sidebars_content_width":0,"ocean_both_sidebars_sidebars_width":0,"ocean_sidebar":"0","ocean_second_sidebar":"0","ocean_disable_margins":"enable","ocean_add_body_class":"","ocean_shortcode_before_top_bar":"","ocean_shortcode_after_top_bar":"","ocean_shortcode_before_header":"","ocean_shortcode_after_header":"","ocean_has_shortcode":"","ocean_shortcode_after_title":"","ocean_shortcode_before_footer_widgets":"","ocean_shortcode_after_footer_widgets":"","ocean_shortcode_before_footer_bottom":"","ocean_shortcode_after_footer_bottom":"","ocean_display_top_bar":"default","ocean_display_header":"default","ocean_header_style":"","ocean_center_header_left_menu":"0","ocean_custom_header_template":"0","ocean_custom_logo":0,"ocean_custom_retina_logo":0,"ocean_custom_logo_max_width":0,"ocean_custom_logo_tablet_max_width":0,"ocean_custom_logo_mobile_max_width":0,"ocean_custom_logo_max_height":0,"ocean_custom_logo_tablet_max_height":0,"ocean_custom_logo_mobile_max_height":0,"ocean_header_custom_menu":"0","ocean_menu_typo_font_family":"0","ocean_menu_typo_font_subset":"","ocean_menu_typo_font_size":0,"ocean_menu_typo_font_size_tablet":0,"ocean_menu_typo_font_size_mobile":0,"ocean_menu_typo_font_size_unit":"px","ocean_menu_typo_font_weight":"","ocean_menu_typo_font_weight_tablet":"","ocean_menu_typo_font_weight_mobile":"","ocean_menu_typo_transform":"","ocean_menu_typo_transform_tablet":"","ocean_menu_typo_transform_mobile":"","ocean_menu_typo_line_height":0,"ocean_menu_typo_line_height_tablet":0,"ocean_menu_typo_line_height_mobile":0,"ocean_menu_typo_line_height_unit":"","ocean_menu_typo_spacing":0,"ocean_menu_typo_spacing_tablet":0,"ocean_menu_typo_spacing_mobile":0,"ocean_menu_typo_spacing_unit":"","ocean_menu_link_color":"","ocean_menu_link_color_hover":"","ocean_menu_link_color_active":"","ocean_menu_link_background":"","ocean_menu_link_hover_background":"","ocean_menu_link_active_background":"","ocean_menu_social_links_bg":"","ocean_menu_social_hover_links_bg":"","ocean_menu_social_links_color":"","ocean_menu_social_hover_links_color":"","ocean_disable_title":"default","ocean_disable_heading":"default","ocean_post_title":"","ocean_post_subheading":"","ocean_post_title_style":"","ocean_post_title_background_color":"","ocean_post_title_background":0,"ocean_post_title_bg_image_position":"","ocean_post_title_bg_image_attachment":"","ocean_post_title_bg_image_repeat":"","ocean_post_title_bg_image_size":"","ocean_post_title_height":0,"ocean_post_title_bg_overlay":0.5,"ocean_post_title_bg_overlay_color":"","ocean_disable_breadcrumbs":"default","ocean_breadcrumbs_color":"","ocean_breadcrumbs_separator_color":"","ocean_breadcrumbs_links_color":"","ocean_breadcrumbs_links_hover_color":"","ocean_display_footer_widgets":"default","ocean_display_footer_bottom":"default","ocean_custom_footer_template":"0","jetpack_post_was_ever_published":false,"footnotes":""},"class_list":["post-12","page","type-page","status-publish","hentry","entry"],"yoast_head":"<!-- This site is optimized with the Yoast SEO plugin v24.4 - https:\/\/yoast.com\/wordpress\/plugins\/seo\/ -->\n<title>A PROPOS - Agn\u00e8s MEISSONNIER Cr\u00e9ations<\/title>\n<meta name=\"description\" content=\"A propos de son parcours professionnel et de ses valeurs.\" \/>\n<meta name=\"robots\" content=\"index, follow, max-snippet:-1, max-image-preview:large, max-video-preview:-1\" \/>\n<link rel=\"canonical\" href=\"https:\/\/www.agnesmeissonnier.com\/index.php\/a-propos\/\" \/>\n<meta property=\"og:locale\" content=\"fr_FR\" \/>\n<meta property=\"og:type\" content=\"article\" \/>\n<meta property=\"og:title\" content=\"A PROPOS - Agn\u00e8s MEISSONNIER Cr\u00e9ations\" \/>\n<meta property=\"og:description\" content=\"A propos de son parcours professionnel et de ses valeurs.\" \/>\n<meta property=\"og:url\" content=\"https:\/\/www.agnesmeissonnier.com\/index.php\/a-propos\/\" \/>\n<meta property=\"og:site_name\" content=\"Agn\u00e8s MEISSONNIER Cr\u00e9ations\" \/>\n<meta property=\"article:modified_time\" content=\"2025-02-16T11:24:55+00:00\" \/>\n<meta property=\"og:image\" content=\"https:\/\/www.agnesmeissonnier.com\/wp-content\/uploads\/2020\/06\/shutterstock_603394319-scaled.jpg\" \/>\n<meta name=\"twitter:card\" content=\"summary_large_image\" \/>\n<meta name=\"twitter:label1\" content=\"Dur\u00e9e de lecture estim\u00e9e\" \/>\n\t<meta name=\"twitter:data1\" content=\"2 minutes\" \/>\n<script type=\"application\/ld+json\" class=\"yoast-schema-graph\">{\"@context\":\"https:\/\/schema.org\",\"@graph\":[{\"@type\":\"WebPage\",\"@id\":\"https:\/\/www.agnesmeissonnier.com\/index.php\/a-propos\/\",\"url\":\"https:\/\/www.agnesmeissonnier.com\/index.php\/a-propos\/\",\"name\":\"A PROPOS - Agn\u00e8s MEISSONNIER Cr\u00e9ations\",\"isPartOf\":{\"@id\":\"https:\/\/www.agnesmeissonnier.com\/#website\"},\"primaryImageOfPage\":{\"@id\":\"https:\/\/www.agnesmeissonnier.com\/index.php\/a-propos\/#primaryimage\"},\"image\":{\"@id\":\"https:\/\/www.agnesmeissonnier.com\/index.php\/a-propos\/#primaryimage\"},\"thumbnailUrl\":\"https:\/\/www.agnesmeissonnier.com\/wp-content\/uploads\/2020\/06\/shutterstock_603394319-scaled.jpg\",\"datePublished\":\"2019-02-17T17:26:37+00:00\",\"dateModified\":\"2025-02-16T11:24:55+00:00\",\"description\":\"A propos de son parcours professionnel et de ses valeurs.\",\"breadcrumb\":{\"@id\":\"https:\/\/www.agnesmeissonnier.com\/index.php\/a-propos\/#breadcrumb\"},\"inLanguage\":\"fr-FR\",\"potentialAction\":[{\"@type\":\"ReadAction\",\"target\":[\"https:\/\/www.agnesmeissonnier.com\/index.php\/a-propos\/\"]}]},{\"@type\":\"ImageObject\",\"inLanguage\":\"fr-FR\",\"@id\":\"https:\/\/www.agnesmeissonnier.com\/index.php\/a-propos\/#primaryimage\",\"url\":\"https:\/\/www.agnesmeissonnier.com\/wp-content\/uploads\/2020\/06\/shutterstock_603394319-scaled.jpg\",\"contentUrl\":\"https:\/\/www.agnesmeissonnier.com\/wp-content\/uploads\/2020\/06\/shutterstock_603394319-scaled.jpg\",\"width\":2560,\"height\":1920},{\"@type\":\"BreadcrumbList\",\"@id\":\"https:\/\/www.agnesmeissonnier.com\/index.php\/a-propos\/#breadcrumb\",\"itemListElement\":[{\"@type\":\"ListItem\",\"position\":1,\"name\":\"Accueil\",\"item\":\"https:\/\/www.agnesmeissonnier.com\/\"},{\"@type\":\"ListItem\",\"position\":2,\"name\":\"A PROPOS\"}]},{\"@type\":\"WebSite\",\"@id\":\"https:\/\/www.agnesmeissonnier.com\/#website\",\"url\":\"https:\/\/www.agnesmeissonnier.com\/\",\"name\":\"Agn\u00e8s MEISSONNIER Infographiste Webdesigner\",\"description\":\"&quot;Etre, c&#039;est communiquer&quot;\",\"publisher\":{\"@id\":\"https:\/\/www.agnesmeissonnier.com\/#\/schema\/person\/b98075154855001811f91aa1cbfefcb9\"},\"potentialAction\":[{\"@type\":\"SearchAction\",\"target\":{\"@type\":\"EntryPoint\",\"urlTemplate\":\"https:\/\/www.agnesmeissonnier.com\/?s={search_term_string}\"},\"query-input\":{\"@type\":\"PropertyValueSpecification\",\"valueRequired\":true,\"valueName\":\"search_term_string\"}}],\"inLanguage\":\"fr-FR\"},{\"@type\":[\"Person\",\"Organization\"],\"@id\":\"https:\/\/www.agnesmeissonnier.com\/#\/schema\/person\/b98075154855001811f91aa1cbfefcb9\",\"name\":\"agnesm\",\"image\":{\"@type\":\"ImageObject\",\"inLanguage\":\"fr-FR\",\"@id\":\"https:\/\/www.agnesmeissonnier.com\/#\/schema\/person\/image\/\",\"url\":\"https:\/\/i1.wp.com\/www.agnesmeissonnier.com\/wp-content\/uploads\/2019\/08\/logo-symbole-copie.jpg?fit=497%2C525&ssl=1\",\"contentUrl\":\"https:\/\/i1.wp.com\/www.agnesmeissonnier.com\/wp-content\/uploads\/2019\/08\/logo-symbole-copie.jpg?fit=497%2C525&ssl=1\",\"width\":497,\"height\":525,\"caption\":\"agnesm\"},\"logo\":{\"@id\":\"https:\/\/www.agnesmeissonnier.com\/#\/schema\/person\/image\/\"},\"sameAs\":[\"https:\/\/www.linkedin.com\/in\/agn\u00e8s-meissonnier-6025a1156\/\"]}]}<\/script>\n<!-- \/ Yoast SEO plugin. -->","yoast_head_json":{"title":"A PROPOS - Agn\u00e8s MEISSONNIER Cr\u00e9ations","description":"A propos de son parcours professionnel et de ses valeurs.","robots":{"index":"index","follow":"follow","max-snippet":"max-snippet:-1","max-image-preview":"max-image-preview:large","max-video-preview":"max-video-preview:-1"},"canonical":"https:\/\/www.agnesmeissonnier.com\/index.php\/a-propos\/","og_locale":"fr_FR","og_type":"article","og_title":"A PROPOS - Agn\u00e8s MEISSONNIER Cr\u00e9ations","og_description":"A propos de son parcours professionnel et de ses valeurs.","og_url":"https:\/\/www.agnesmeissonnier.com\/index.php\/a-propos\/","og_site_name":"Agn\u00e8s MEISSONNIER Cr\u00e9ations","article_modified_time":"2025-02-16T11:24:55+00:00","og_image":[{"url":"https:\/\/www.agnesmeissonnier.com\/wp-content\/uploads\/2020\/06\/shutterstock_603394319-scaled.jpg","type":"","width":"","height":""}],"twitter_card":"summary_large_image","twitter_misc":{"Dur\u00e9e de lecture estim\u00e9e":"2 minutes"},"schema":{"@context":"https:\/\/schema.org","@graph":[{"@type":"WebPage","@id":"https:\/\/www.agnesmeissonnier.com\/index.php\/a-propos\/","url":"https:\/\/www.agnesmeissonnier.com\/index.php\/a-propos\/","name":"A PROPOS - Agn\u00e8s MEISSONNIER Cr\u00e9ations","isPartOf":{"@id":"https:\/\/www.agnesmeissonnier.com\/#website"},"primaryImageOfPage":{"@id":"https:\/\/www.agnesmeissonnier.com\/index.php\/a-propos\/#primaryimage"},"image":{"@id":"https:\/\/www.agnesmeissonnier.com\/index.php\/a-propos\/#primaryimage"},"thumbnailUrl":"https:\/\/www.agnesmeissonnier.com\/wp-content\/uploads\/2020\/06\/shutterstock_603394319-scaled.jpg","datePublished":"2019-02-17T17:26:37+00:00","dateModified":"2025-02-16T11:24:55+00:00","description":"A propos de son parcours professionnel et de ses valeurs.","breadcrumb":{"@id":"https:\/\/www.agnesmeissonnier.com\/index.php\/a-propos\/#breadcrumb"},"inLanguage":"fr-FR","potentialAction":[{"@type":"ReadAction","target":["https:\/\/www.agnesmeissonnier.com\/index.php\/a-propos\/"]}]},{"@type":"ImageObject","inLanguage":"fr-FR","@id":"https:\/\/www.agnesmeissonnier.com\/index.php\/a-propos\/#primaryimage","url":"https:\/\/www.agnesmeissonnier.com\/wp-content\/uploads\/2020\/06\/shutterstock_603394319-scaled.jpg","contentUrl":"https:\/\/www.agnesmeissonnier.com\/wp-content\/uploads\/2020\/06\/shutterstock_603394319-scaled.jpg","width":2560,"height":1920},{"@type":"BreadcrumbList","@id":"https:\/\/www.agnesmeissonnier.com\/index.php\/a-propos\/#breadcrumb","itemListElement":[{"@type":"ListItem","position":1,"name":"Accueil","item":"https:\/\/www.agnesmeissonnier.com\/"},{"@type":"ListItem","position":2,"name":"A PROPOS"}]},{"@type":"WebSite","@id":"https:\/\/www.agnesmeissonnier.com\/#website","url":"https:\/\/www.agnesmeissonnier.com\/","name":"Agn\u00e8s MEISSONNIER Infographiste Webdesigner","description":"&quot;Etre, c&#039;est communiquer&quot;","publisher":{"@id":"https:\/\/www.agnesmeissonnier.com\/#\/schema\/person\/b98075154855001811f91aa1cbfefcb9"},"potentialAction":[{"@type":"SearchAction","target":{"@type":"EntryPoint","urlTemplate":"https:\/\/www.agnesmeissonnier.com\/?s={search_term_string}"},"query-input":{"@type":"PropertyValueSpecification","valueRequired":true,"valueName":"search_term_string"}}],"inLanguage":"fr-FR"},{"@type":["Person","Organization"],"@id":"https:\/\/www.agnesmeissonnier.com\/#\/schema\/person\/b98075154855001811f91aa1cbfefcb9","name":"agnesm","image":{"@type":"ImageObject","inLanguage":"fr-FR","@id":"https:\/\/www.agnesmeissonnier.com\/#\/schema\/person\/image\/","url":"https:\/\/i1.wp.com\/www.agnesmeissonnier.com\/wp-content\/uploads\/2019\/08\/logo-symbole-copie.jpg?fit=497%2C525&ssl=1","contentUrl":"https:\/\/i1.wp.com\/www.agnesmeissonnier.com\/wp-content\/uploads\/2019\/08\/logo-symbole-copie.jpg?fit=497%2C525&ssl=1","width":497,"height":525,"caption":"agnesm"},"logo":{"@id":"https:\/\/www.agnesmeissonnier.com\/#\/schema\/person\/image\/"},"sameAs":["https:\/\/www.linkedin.com\/in\/agn\u00e8s-meissonnier-6025a1156\/"]}]}},"jetpack_sharing_enabled":false,"jetpack_shortlink":"https:\/\/wp.me\/PaJ7LY-c","jetpack-related-posts":[],"_links":{"self":[{"href":"https:\/\/www.agnesmeissonnier.com\/index.php\/wp-json\/wp\/v2\/pages\/12","targetHints":{"allow":["GET"]}}],"collection":[{"href":"https:\/\/www.agnesmeissonnier.com\/index.php\/wp-json\/wp\/v2\/pages"}],"about":[{"href":"https:\/\/www.agnesmeissonnier.com\/index.php\/wp-json\/wp\/v2\/types\/page"}],"author":[{"embeddable":true,"href":"https:\/\/www.agnesmeissonnier.com\/index.php\/wp-json\/wp\/v2\/users\/1"}],"replies":[{"embeddable":true,"href":"https:\/\/www.agnesmeissonnier.com\/index.php\/wp-json\/wp\/v2\/comments?post=12"}],"version-history":[{"count":170,"href":"https:\/\/www.agnesmeissonnier.com\/index.php\/wp-json\/wp\/v2\/pages\/12\/revisions"}],"predecessor-version":[{"id":5781,"href":"https:\/\/www.agnesmeissonnier.com\/index.php\/wp-json\/wp\/v2\/pages\/12\/revisions\/5781"}],"wp:attachment":[{"href":"https:\/\/www.agnesmeissonnier.com\/index.php\/wp-json\/wp\/v2\/media?parent=12"}],"curies":[{"name":"wp","href":"https:\/\/api.w.org\/{rel}","templated":true}]}}